{"id":1808,"date":"2023-12-20T12:41:39","date_gmt":"2023-12-20T11:41:39","guid":{"rendered":"https:\/\/www.cdcargologistics.cz\/news\/"},"modified":"2024-06-08T11:01:29","modified_gmt":"2024-06-08T09:01:29","slug":"news","status":"publish","type":"page","link":"https:\/\/www.cdcargologistics.cz\/en\/news\/","title":{"rendered":"News"},"content":{"rendered":"\n<section class=\"wp-block-group main-cover is-layout-constrained wp-block-group-is-layout-constrained\">\n<figure class=\"wp-block-image size-full main-cover__image\"><img loading=\"lazy\" decoding=\"async\" width=\"2560\" height=\"729\" src=\"https:\/\/www.cdcargologistics.cz\/app\/uploads\/2024\/04\/cd-cargo-banner.webp\" alt=\"\" class=\"wp-image-1312\" srcset=\"https:\/\/www.cdcargologistics.cz\/app\/uploads\/2024\/04\/cd-cargo-banner.webp 2560w, https:\/\/www.cdcargologistics.cz\/app\/uploads\/2024\/04\/cd-cargo-banner-300x85.webp 300w, https:\/\/www.cdcargologistics.cz\/app\/uploads\/2024\/04\/cd-cargo-banner-1024x292.webp 1024w, https:\/\/www.cdcargologistics.cz\/app\/uploads\/2024\/04\/cd-cargo-banner-768x219.webp 768w, https:\/\/www.cdcargologistics.cz\/app\/uploads\/2024\/04\/cd-cargo-banner-1536x437.webp 1536w, https:\/\/www.cdcargologistics.cz\/app\/uploads\/2024\/04\/cd-cargo-banner-2048x583.webp 2048w\" sizes=\"auto, (max-width: 2560px) 100vw, 2560px\" \/><\/figure>\n\n\n\n<div class=\"wp-block-group main-cover__wrapper is-layout-constrained wp-block-group-is-layout-constrained\">\n<h1 class=\"wp-block-heading main-cover__title has-conversion-color has-text-color has-link-color wp-elements-4ed91a2227c8ad5d64e1912f4c753d48\">News<\/h1>\n<\/div>\n<\/section>\n\n\n\n<section class=\"wp-block-group alignfull is-layout-constrained wp-container-core-group-is-layout-28ad752c wp-block-group-is-layout-constrained\">\n<div class=\"wp-block-columns section-box-shadow mb-0 pb-0 has-white-background-color has-background is-layout-flex wp-container-core-columns-is-layout-9d6595d7 wp-block-columns-is-layout-flex\">\n<div class=\"wp-block-column px-35 has-white-background-color has-background is-layout-flow wp-block-column-is-layout-flow\">\n<div class=\"wp-block-group title__line-wrapper is-layout-constrained wp-block-group-is-layout-constrained\">\n<h2 class=\"wp-block-heading title__line h2\">STAY INFORMED<\/h2>\n<\/div>\n\n\n\n<div class=\"wp-block-columns alignwide mb-0 is-layout-flex wp-container-core-columns-is-layout-9d6595d7 wp-block-columns-is-layout-flex\">\n<div class=\"wp-block-column is-layout-flow wp-block-column-is-layout-flow\">\n<div class=\"wp-block-query alignwide posts is-layout-flow wp-block-query-is-layout-flow\"><ul class=\"alignwide mb-10 wp-block-post-template is-layout-flow wp-block-post-template-is-layout-flow\"><li class=\"wp-block-post post-2519 post type-post status-publish format-standard has-post-thumbnail hentry category-uncategorized\">\n\n<div class=\"wp-block-group alignwide is-layout-flow wp-block-group-is-layout-flow\">\n<div class=\"wp-block-columns posts__row is-layout-flex wp-container-core-columns-is-layout-9d6595d7 wp-block-columns-is-layout-flex\">\n<div class=\"wp-block-column posts__info has-white-color has-primary-background-color has-text-color has-background has-link-color wp-elements-24455b151d092c68d5e9a4a217c9a66b is-layout-flow wp-block-column-is-layout-flow\"><h3 class=\"wp-block-post-title\"><a href=\"https:\/\/www.cdcargologistics.cz\/en\/extraordinary-transports-managed-by-cd-cargo-logistics\/\" target=\"_self\">Extraordinary transports managed by \u010cD Cargo Logistics<\/a><\/h3>\n\n\n<hr class=\"wp-block-separator has-alpha-channel-opacity is-style-default\"\/>\n\n\n<div class=\"wp-block-post-excerpt\"><p class=\"wp-block-post-excerpt__excerpt\">Extraordinary transports are our specialty. Since 2010, we have been providing comprehensive services in the field of transporting oversize and heavy loads by rail. Our experience includes the transport of diverse goods such as industrial machinery, energy equipment, bulk tanks or road and rail vehicles. Thanks to our know-how and our extensive network of partners,&hellip; <\/p><\/div>\n\n\n<div class=\"wp-block-columns are-vertically-aligned-center posts__metadata is-layout-flex wp-container-core-columns-is-layout-9d6595d7 wp-block-columns-is-layout-flex\">\n<div class=\"wp-block-column is-vertically-aligned-center is-layout-flow wp-block-column-is-layout-flow\"><div class=\"posts__date wp-block-post-date\"><time datetime=\"2025-01-09T17:29:28+01:00\">January 9, 2025<\/time><\/div><\/div>\n\n\n\n<div class=\"wp-block-column is-vertically-aligned-center is-layout-flow wp-block-column-is-layout-flow\"><a class=\"posts__readmore wp-block-read-more has-background has-conversion-background-color\" href=\"https:\/\/www.cdcargologistics.cz\/en\/extraordinary-transports-managed-by-cd-cargo-logistics\/\" target=\"_self\">Read more<span class=\"screen-reader-text\">: Extraordinary transports managed by \u010cD Cargo Logistics<\/span><\/a><\/div>\n<\/div>\n<\/div>\n\n\n\n<div class=\"wp-block-column posts__image is-layout-flow wp-block-column-is-layout-flow\"><figure class=\"wp-block-post-featured-image\"><a href=\"https:\/\/www.cdcargologistics.cz\/en\/extraordinary-transports-managed-by-cd-cargo-logistics\/\" target=\"_self\"><img loading=\"lazy\" decoding=\"async\" width=\"750\" height=\"410\" src=\"https:\/\/www.cdcargologistics.cz\/app\/uploads\/2025\/01\/cd-cargo-750x410-1.jpg\" class=\"attachment-post-thumbnail size-post-thumbnail wp-post-image\" alt=\"Extraordinary transports managed by \u010cD Cargo Logistics\" style=\"object-fit:cover;\" srcset=\"https:\/\/www.cdcargologistics.cz\/app\/uploads\/2025\/01\/cd-cargo-750x410-1.jpg 750w, https:\/\/www.cdcargologistics.cz\/app\/uploads\/2025\/01\/cd-cargo-750x410-1-300x164.jpg 300w\" sizes=\"auto, (max-width: 750px) 100vw, 750px\" \/><\/a><\/figure><\/div>\n<\/div>\n<\/div>\n\n<\/li><li class=\"wp-block-post post-2510 post type-post status-publish format-standard has-post-thumbnail hentry category-uncategorized\">\n\n<div class=\"wp-block-group alignwide is-layout-flow wp-block-group-is-layout-flow\">\n<div class=\"wp-block-columns posts__row is-layout-flex wp-container-core-columns-is-layout-9d6595d7 wp-block-columns-is-layout-flex\">\n<div class=\"wp-block-column posts__info has-white-color has-primary-background-color has-text-color has-background has-link-color wp-elements-24455b151d092c68d5e9a4a217c9a66b is-layout-flow wp-block-column-is-layout-flow\"><h3 class=\"wp-block-post-title\"><a href=\"https:\/\/www.cdcargologistics.cz\/en\/pf-2025\/\" target=\"_self\">PF 2025<\/a><\/h3>\n\n\n<hr class=\"wp-block-separator has-alpha-channel-opacity is-style-default\"\/>\n\n\n<div class=\"wp-block-post-excerpt\"><p class=\"wp-block-post-excerpt__excerpt\">The Christmas holidays are approaching and with them the end of another year. The team of \u010cD Cargo Logistics thanks all our partners and customers for the great cooperation. We wish you a&nbsp;Merry Christmas full of peace and quiet, and good luck, health and business success in the New Year! <\/p><\/div>\n\n\n<div class=\"wp-block-columns are-vertically-aligned-center posts__metadata is-layout-flex wp-container-core-columns-is-layout-9d6595d7 wp-block-columns-is-layout-flex\">\n<div class=\"wp-block-column is-vertically-aligned-center is-layout-flow wp-block-column-is-layout-flow\"><div class=\"posts__date wp-block-post-date\"><time datetime=\"2024-12-20T14:55:24+01:00\">December 20, 2024<\/time><\/div><\/div>\n\n\n\n<div class=\"wp-block-column is-vertically-aligned-center is-layout-flow wp-block-column-is-layout-flow\"><a class=\"posts__readmore wp-block-read-more has-background has-conversion-background-color\" href=\"https:\/\/www.cdcargologistics.cz\/en\/pf-2025\/\" target=\"_self\">Read more<span class=\"screen-reader-text\">: PF&nbsp;2025<\/span><\/a><\/div>\n<\/div>\n<\/div>\n\n\n\n<div class=\"wp-block-column posts__image is-layout-flow wp-block-column-is-layout-flow\"><figure class=\"wp-block-post-featured-image\"><a href=\"https:\/\/www.cdcargologistics.cz\/en\/pf-2025\/\" target=\"_self\"><img loading=\"lazy\" decoding=\"async\" width=\"1368\" height=\"673\" src=\"https:\/\/www.cdcargologistics.cz\/app\/uploads\/2024\/12\/cdcl-pf-2025.jpg\" class=\"attachment-post-thumbnail size-post-thumbnail wp-post-image\" alt=\"PF 2025\" style=\"object-fit:cover;\" srcset=\"https:\/\/www.cdcargologistics.cz\/app\/uploads\/2024\/12\/cdcl-pf-2025.jpg 1368w, https:\/\/www.cdcargologistics.cz\/app\/uploads\/2024\/12\/cdcl-pf-2025-300x148.jpg 300w, https:\/\/www.cdcargologistics.cz\/app\/uploads\/2024\/12\/cdcl-pf-2025-1024x504.jpg 1024w, https:\/\/www.cdcargologistics.cz\/app\/uploads\/2024\/12\/cdcl-pf-2025-768x378.jpg 768w\" sizes=\"auto, (max-width: 1368px) 100vw, 1368px\" \/><\/a><\/figure><\/div>\n<\/div>\n<\/div>\n\n<\/li><li class=\"wp-block-post post-2504 post type-post status-publish format-standard has-post-thumbnail hentry category-uncategorized\">\n\n<div class=\"wp-block-group alignwide is-layout-flow wp-block-group-is-layout-flow\">\n<div class=\"wp-block-columns posts__row is-layout-flex wp-container-core-columns-is-layout-9d6595d7 wp-block-columns-is-layout-flex\">\n<div class=\"wp-block-column posts__info has-white-color has-primary-background-color has-text-color has-background has-link-color wp-elements-24455b151d092c68d5e9a4a217c9a66b is-layout-flow wp-block-column-is-layout-flow\"><h3 class=\"wp-block-post-title\"><a href=\"https:\/\/www.cdcargologistics.cz\/en\/cd-cargo-logistics-and-the-university-of-defence-cooperation-for-the-future-of-military-logistics\/\" target=\"_self\">\u010cD Cargo Logistics and the University of Defence: Cooperation for the future of military logistics<\/a><\/h3>\n\n\n<hr class=\"wp-block-separator has-alpha-channel-opacity is-style-default\"\/>\n\n\n<div class=\"wp-block-post-excerpt\"><p class=\"wp-block-post-excerpt__excerpt\">On 10 December 2024, we welcomed future military logisticians from the Faculty of Military Leadership at the University of Defence and organised a&nbsp;specialised seminar on rail freight and emergency transport. The event was part of our long-term cooperation with this prestigious institution. Our experienced experts V\u00edt Mikol\u00e1\u0161ik, Martina Kholov\u00e1 and Petr Fran\u010de presented a&nbsp;comprehensive view&hellip; <\/p><\/div>\n\n\n<div class=\"wp-block-columns are-vertically-aligned-center posts__metadata is-layout-flex wp-container-core-columns-is-layout-9d6595d7 wp-block-columns-is-layout-flex\">\n<div class=\"wp-block-column is-vertically-aligned-center is-layout-flow wp-block-column-is-layout-flow\"><div class=\"posts__date wp-block-post-date\"><time datetime=\"2024-12-20T09:21:44+01:00\">December 20, 2024<\/time><\/div><\/div>\n\n\n\n<div class=\"wp-block-column is-vertically-aligned-center is-layout-flow wp-block-column-is-layout-flow\"><a class=\"posts__readmore wp-block-read-more has-background has-conversion-background-color\" href=\"https:\/\/www.cdcargologistics.cz\/en\/cd-cargo-logistics-and-the-university-of-defence-cooperation-for-the-future-of-military-logistics\/\" target=\"_self\">Read more<span class=\"screen-reader-text\">: \u010cD Cargo Logistics and the University of Defence: Cooperation for the future of military logistics<\/span><\/a><\/div>\n<\/div>\n<\/div>\n\n\n\n<div class=\"wp-block-column posts__image is-layout-flow wp-block-column-is-layout-flow\"><figure class=\"wp-block-post-featured-image\"><a href=\"https:\/\/www.cdcargologistics.cz\/en\/cd-cargo-logistics-and-the-university-of-defence-cooperation-for-the-future-of-military-logistics\/\" target=\"_self\"><img loading=\"lazy\" decoding=\"async\" width=\"2048\" height=\"1536\" src=\"https:\/\/www.cdcargologistics.cz\/app\/uploads\/2024\/12\/img-3238.jpeg\" class=\"attachment-post-thumbnail size-post-thumbnail wp-post-image\" alt=\"\u010cD Cargo Logistics and the University of Defence: Cooperation for the future of military logistics\" style=\"object-fit:cover;\" srcset=\"https:\/\/www.cdcargologistics.cz\/app\/uploads\/2024\/12\/img-3238.jpeg 2048w, https:\/\/www.cdcargologistics.cz\/app\/uploads\/2024\/12\/img-3238-300x225.jpeg 300w, https:\/\/www.cdcargologistics.cz\/app\/uploads\/2024\/12\/img-3238-1024x768.jpeg 1024w, https:\/\/www.cdcargologistics.cz\/app\/uploads\/2024\/12\/img-3238-768x576.jpeg 768w, https:\/\/www.cdcargologistics.cz\/app\/uploads\/2024\/12\/img-3238-1536x1152.jpeg 1536w\" sizes=\"auto, (max-width: 2048px) 100vw, 2048px\" \/><\/a><\/figure><\/div>\n<\/div>\n<\/div>\n\n<\/li><li class=\"wp-block-post post-2494 post type-post status-publish format-standard has-post-thumbnail hentry category-uncategorized\">\n\n<div class=\"wp-block-group alignwide is-layout-flow wp-block-group-is-layout-flow\">\n<div class=\"wp-block-columns posts__row is-layout-flex wp-container-core-columns-is-layout-9d6595d7 wp-block-columns-is-layout-flex\">\n<div class=\"wp-block-column posts__info has-white-color has-primary-background-color has-text-color has-background has-link-color wp-elements-24455b151d092c68d5e9a4a217c9a66b is-layout-flow wp-block-column-is-layout-flow\"><h3 class=\"wp-block-post-title\"><a href=\"https:\/\/www.cdcargologistics.cz\/en\/we-participated-in-the-port-of-antwerp-bruges-in-prague-meeting-and-introduced-belexpress\/\" target=\"_self\">We participated in the &#8220;Port of Antwerp-Bruges in Prague&#8221; meeting and introduced Belexpress<\/a><\/h3>\n\n\n<hr class=\"wp-block-separator has-alpha-channel-opacity is-style-default\"\/>\n\n\n<div class=\"wp-block-post-excerpt\"><p class=\"wp-block-post-excerpt__excerpt\">\u010cD Cargo Logistics took part in the inspiring event &#8220;Port of Antwerp-Bruges in Prague&#8221; Port of Antwerp-Bruges, hosted by the representative of the Port of Antwerp-Bruges, Mr. Martin Hube\u0148\u00e1k. Mr. Philippe Beaujean, Business Development Advisor Port of Antwerp-Bruges presented the development of the port as a&nbsp;modern, sustainable hub for international trade and Mr. Johan Abel,&hellip; <\/p><\/div>\n\n\n<div class=\"wp-block-columns are-vertically-aligned-center posts__metadata is-layout-flex wp-container-core-columns-is-layout-9d6595d7 wp-block-columns-is-layout-flex\">\n<div class=\"wp-block-column is-vertically-aligned-center is-layout-flow wp-block-column-is-layout-flow\"><div class=\"posts__date wp-block-post-date\"><time datetime=\"2024-12-05T17:01:14+01:00\">December 5, 2024<\/time><\/div><\/div>\n\n\n\n<div class=\"wp-block-column is-vertically-aligned-center is-layout-flow wp-block-column-is-layout-flow\"><a class=\"posts__readmore wp-block-read-more has-background has-conversion-background-color\" href=\"https:\/\/www.cdcargologistics.cz\/en\/we-participated-in-the-port-of-antwerp-bruges-in-prague-meeting-and-introduced-belexpress\/\" target=\"_self\">Read more<span class=\"screen-reader-text\">: We participated in the &#8220;Port of Antwerp-Bruges in Prague&#8221; meeting and introduced Belexpress<\/span><\/a><\/div>\n<\/div>\n<\/div>\n\n\n\n<div class=\"wp-block-column posts__image is-layout-flow wp-block-column-is-layout-flow\"><figure class=\"wp-block-post-featured-image\"><a href=\"https:\/\/www.cdcargologistics.cz\/en\/we-participated-in-the-port-of-antwerp-bruges-in-prague-meeting-and-introduced-belexpress\/\" target=\"_self\"><img loading=\"lazy\" decoding=\"async\" width=\"2048\" height=\"1536\" src=\"https:\/\/www.cdcargologistics.cz\/app\/uploads\/2024\/12\/img-3183.jpeg\" class=\"attachment-post-thumbnail size-post-thumbnail wp-post-image\" alt=\"We participated in the &#8220;Port of Antwerp-Bruges in Prague&#8221; meeting and introduced Belexpress\" style=\"object-fit:cover;\" srcset=\"https:\/\/www.cdcargologistics.cz\/app\/uploads\/2024\/12\/img-3183.jpeg 2048w, https:\/\/www.cdcargologistics.cz\/app\/uploads\/2024\/12\/img-3183-300x225.jpeg 300w, https:\/\/www.cdcargologistics.cz\/app\/uploads\/2024\/12\/img-3183-1024x768.jpeg 1024w, https:\/\/www.cdcargologistics.cz\/app\/uploads\/2024\/12\/img-3183-768x576.jpeg 768w, https:\/\/www.cdcargologistics.cz\/app\/uploads\/2024\/12\/img-3183-1536x1152.jpeg 1536w\" sizes=\"auto, (max-width: 2048px) 100vw, 2048px\" \/><\/a><\/figure><\/div>\n<\/div>\n<\/div>\n\n<\/li><li class=\"wp-block-post post-2477 post type-post status-publish format-standard has-post-thumbnail hentry category-uncategorized\">\n\n<div class=\"wp-block-group alignwide is-layout-flow wp-block-group-is-layout-flow\">\n<div class=\"wp-block-columns posts__row is-layout-flex wp-container-core-columns-is-layout-9d6595d7 wp-block-columns-is-layout-flex\">\n<div class=\"wp-block-column posts__info has-white-color has-primary-background-color has-text-color has-background has-link-color wp-elements-24455b151d092c68d5e9a4a217c9a66b is-layout-flow wp-block-column-is-layout-flow\"><h3 class=\"wp-block-post-title\"><a href=\"https:\/\/www.cdcargologistics.cz\/en\/cd-cargo-logistics-participated-in-the-intermodal-marketplace-of-the-port-of-antwerp-bruges-in-belgium\/\" target=\"_self\">\u010cD Cargo Logistics participated in the Intermodal Marketplace of the Port of Antwerp Bruges in Belgium<\/a><\/h3>\n\n\n<hr class=\"wp-block-separator has-alpha-channel-opacity is-style-default\"\/>\n\n\n<div class=\"wp-block-post-excerpt\"><p class=\"wp-block-post-excerpt__excerpt\">In 2024, the Port of Antwerp-Bruggy hosted a&nbsp;major event for the logistics sector &#8211; Intermodal Marketplace 2024 &#8211; aimed at strengthening the interconnection of different modes of transport, with a&nbsp;focus on sustainability and efficiency of transport chains in Europe. The Belgian port of Antwerp-Bruggy is the ideal venue to bring together leaders from logistics, port&hellip; <\/p><\/div>\n\n\n<div class=\"wp-block-columns are-vertically-aligned-center posts__metadata is-layout-flex wp-container-core-columns-is-layout-9d6595d7 wp-block-columns-is-layout-flex\">\n<div class=\"wp-block-column is-vertically-aligned-center is-layout-flow wp-block-column-is-layout-flow\"><div class=\"posts__date wp-block-post-date\"><time datetime=\"2024-11-12T10:42:21+01:00\">November 12, 2024<\/time><\/div><\/div>\n\n\n\n<div class=\"wp-block-column is-vertically-aligned-center is-layout-flow wp-block-column-is-layout-flow\"><a class=\"posts__readmore wp-block-read-more has-background has-conversion-background-color\" href=\"https:\/\/www.cdcargologistics.cz\/en\/cd-cargo-logistics-participated-in-the-intermodal-marketplace-of-the-port-of-antwerp-bruges-in-belgium\/\" target=\"_self\">Read more<span class=\"screen-reader-text\">: \u010cD Cargo Logistics participated in the Intermodal Marketplace of the Port of Antwerp Bruges in Belgium<\/span><\/a><\/div>\n<\/div>\n<\/div>\n\n\n\n<div class=\"wp-block-column posts__image is-layout-flow wp-block-column-is-layout-flow\"><figure class=\"wp-block-post-featured-image\"><a href=\"https:\/\/www.cdcargologistics.cz\/en\/cd-cargo-logistics-participated-in-the-intermodal-marketplace-of-the-port-of-antwerp-bruges-in-belgium\/\" target=\"_self\"><img loading=\"lazy\" decoding=\"async\" width=\"2560\" height=\"1350\" src=\"https:\/\/www.cdcargologistics.cz\/app\/uploads\/2024\/11\/20241105-153018-scaled.jpg\" class=\"attachment-post-thumbnail size-post-thumbnail wp-post-image\" alt=\"\u010cD Cargo Logistics participated in the Intermodal Marketplace of the Port of Antwerp Bruges in Belgium\" style=\"object-fit:cover;\" srcset=\"https:\/\/www.cdcargologistics.cz\/app\/uploads\/2024\/11\/20241105-153018-scaled.jpg 2560w, https:\/\/www.cdcargologistics.cz\/app\/uploads\/2024\/11\/20241105-153018-300x158.jpg 300w, https:\/\/www.cdcargologistics.cz\/app\/uploads\/2024\/11\/20241105-153018-1024x540.jpg 1024w, https:\/\/www.cdcargologistics.cz\/app\/uploads\/2024\/11\/20241105-153018-768x405.jpg 768w, https:\/\/www.cdcargologistics.cz\/app\/uploads\/2024\/11\/20241105-153018-1536x810.jpg 1536w, https:\/\/www.cdcargologistics.cz\/app\/uploads\/2024\/11\/20241105-153018-2048x1080.jpg 2048w\" sizes=\"auto, (max-width: 2560px) 100vw, 2560px\" \/><\/a><\/figure><\/div>\n<\/div>\n<\/div>\n\n<\/li><li class=\"wp-block-post post-2469 post type-post status-publish format-standard has-post-thumbnail hentry category-uncategorized\">\n\n<div class=\"wp-block-group alignwide is-layout-flow wp-block-group-is-layout-flow\">\n<div class=\"wp-block-columns posts__row is-layout-flex wp-container-core-columns-is-layout-9d6595d7 wp-block-columns-is-layout-flex\">\n<div class=\"wp-block-column posts__info has-white-color has-primary-background-color has-text-color has-background has-link-color wp-elements-24455b151d092c68d5e9a4a217c9a66b is-layout-flow wp-block-column-is-layout-flow\"><h3 class=\"wp-block-post-title\"><a href=\"https:\/\/www.cdcargologistics.cz\/en\/cd-cargo-logistics-at-innotrans-2024\/\" target=\"_self\">\u010cD Cargo Logistics at InnoTrans 2024<\/a><\/h3>\n\n\n<hr class=\"wp-block-separator has-alpha-channel-opacity is-style-default\"\/>\n\n\n<div class=\"wp-block-post-excerpt\"><p class=\"wp-block-post-excerpt__excerpt\">InnoTrans 2024, Europe&#8217;s&nbsp;largest railway trade fair, is taking place in Berlin, where professionals from the entire railway sector meet. \u010cD Cargo Logistics in cooperation with \u010cD Cargo are present with a&nbsp;joint stand at the stand of the Railway Research Institute (Hall 27, Stand 551), a&nbsp;sister company within the \u010cD Group. The InnoTrans fair is an&hellip; <\/p><\/div>\n\n\n<div class=\"wp-block-columns are-vertically-aligned-center posts__metadata is-layout-flex wp-container-core-columns-is-layout-9d6595d7 wp-block-columns-is-layout-flex\">\n<div class=\"wp-block-column is-vertically-aligned-center is-layout-flow wp-block-column-is-layout-flow\"><div class=\"posts__date wp-block-post-date\"><time datetime=\"2024-09-26T11:42:55+02:00\">September 26, 2024<\/time><\/div><\/div>\n\n\n\n<div class=\"wp-block-column is-vertically-aligned-center is-layout-flow wp-block-column-is-layout-flow\"><a class=\"posts__readmore wp-block-read-more has-background has-conversion-background-color\" href=\"https:\/\/www.cdcargologistics.cz\/en\/cd-cargo-logistics-at-innotrans-2024\/\" target=\"_self\">Read more<span class=\"screen-reader-text\">: \u010cD Cargo Logistics at InnoTrans 2024<\/span><\/a><\/div>\n<\/div>\n<\/div>\n\n\n\n<div class=\"wp-block-column posts__image is-layout-flow wp-block-column-is-layout-flow\"><figure class=\"wp-block-post-featured-image\"><a href=\"https:\/\/www.cdcargologistics.cz\/en\/cd-cargo-logistics-at-innotrans-2024\/\" target=\"_self\"><img loading=\"lazy\" decoding=\"async\" width=\"2048\" height=\"1536\" src=\"https:\/\/www.cdcargologistics.cz\/app\/uploads\/2024\/09\/img-2769.jpeg\" class=\"attachment-post-thumbnail size-post-thumbnail wp-post-image\" alt=\"\u010cD Cargo Logistics at InnoTrans 2024\" style=\"object-fit:cover;\" srcset=\"https:\/\/www.cdcargologistics.cz\/app\/uploads\/2024\/09\/img-2769.jpeg 2048w, https:\/\/www.cdcargologistics.cz\/app\/uploads\/2024\/09\/img-2769-300x225.jpeg 300w, https:\/\/www.cdcargologistics.cz\/app\/uploads\/2024\/09\/img-2769-1024x768.jpeg 1024w, https:\/\/www.cdcargologistics.cz\/app\/uploads\/2024\/09\/img-2769-768x576.jpeg 768w, https:\/\/www.cdcargologistics.cz\/app\/uploads\/2024\/09\/img-2769-1536x1152.jpeg 1536w\" sizes=\"auto, (max-width: 2048px) 100vw, 2048px\" \/><\/a><\/figure><\/div>\n<\/div>\n<\/div>\n\n<\/li><\/ul>\n\n<nav class=\"wp-block-query-pagination is-content-justification-center is-layout-flex wp-container-core-query-pagination-is-layout-16018d1d wp-block-query-pagination-is-layout-flex\" aria-label=\"Pagination\">\n\n\n<div class=\"wp-block-query-pagination-numbers\"><span aria-current=\"page\" class=\"page-numbers current\">1<\/span>\n<a class=\"page-numbers\" href=\"?query-0-page=2\">2<\/a>\n<a class=\"page-numbers\" href=\"?query-0-page=3\">3<\/a>\n<span class=\"page-numbers dots\">&hellip;<\/span>\n<a class=\"page-numbers\" href=\"?query-0-page=5\">5<\/a><\/div>\n\n<a href=\"\/en\/wp-json\/wp\/v2\/pages\/1808?query-0-page=2\" class=\"wp-block-query-pagination-next\">Next<\/a>\n<\/nav>\n\n<\/div>\n<\/div>\n<\/div>\n<\/div>\n<\/div>\n<\/section>\n","protected":false},"excerpt":{"rendered":"<p>News STAY INFORMED<\/p>\n","protected":false},"author":1,"featured_media":0,"parent":0,"menu_order":0,"comment_status":"closed","ping_status":"closed","template":"","meta":{"footnotes":""},"class_list":["post-1808","page","type-page","status-publish","hentry"],"_links":{"self":[{"href":"https:\/\/www.cdcargologistics.cz\/en\/wp-json\/wp\/v2\/pages\/1808","targetHints":{"allow":["GET"]}}],"collection":[{"href":"https:\/\/www.cdcargologistics.cz\/en\/wp-json\/wp\/v2\/pages"}],"about":[{"href":"https:\/\/www.cdcargologistics.cz\/en\/wp-json\/wp\/v2\/types\/page"}],"author":[{"embeddable":true,"href":"https:\/\/www.cdcargologistics.cz\/en\/wp-json\/wp\/v2\/users\/1"}],"replies":[{"embeddable":true,"href":"https:\/\/www.cdcargologistics.cz\/en\/wp-json\/wp\/v2\/comments?post=1808"}],"version-history":[{"count":17,"href":"https:\/\/www.cdcargologistics.cz\/en\/wp-json\/wp\/v2\/pages\/1808\/revisions"}],"predecessor-version":[{"id":2300,"href":"https:\/\/www.cdcargologistics.cz\/en\/wp-json\/wp\/v2\/pages\/1808\/revisions\/2300"}],"wp:attachment":[{"href":"https:\/\/www.cdcargologistics.cz\/en\/wp-json\/wp\/v2\/media?parent=1808"}],"curies":[{"name":"wp","href":"https:\/\/api.w.org\/{rel}","templated":true}]}}