{"id":1800,"date":"2023-12-20T12:41:22","date_gmt":"2023-12-20T11:41:22","guid":{"rendered":"https:\/\/www.cdcargologistics.cz\/cd-cargo-group\/"},"modified":"2024-05-20T19:01:22","modified_gmt":"2024-05-20T17:01:22","slug":"cd-cargo-group","status":"publish","type":"page","link":"https:\/\/www.cdcargologistics.cz\/en\/cd-cargo-group\/","title":{"rendered":"\u010cD cargo group"},"content":{"rendered":"\n<section class=\"wp-block-group main-cover is-layout-constrained wp-block-group-is-layout-constrained\">\n<figure class=\"wp-block-image size-full main-cover__image\"><img loading=\"lazy\" decoding=\"async\" width=\"2560\" height=\"729\" src=\"https:\/\/www.cdcargologistics.cz\/app\/uploads\/2024\/04\/cd-cargo-banner.webp\" alt=\"\" class=\"wp-image-1312\" srcset=\"https:\/\/www.cdcargologistics.cz\/app\/uploads\/2024\/04\/cd-cargo-banner.webp 2560w, https:\/\/www.cdcargologistics.cz\/app\/uploads\/2024\/04\/cd-cargo-banner-300x85.webp 300w, https:\/\/www.cdcargologistics.cz\/app\/uploads\/2024\/04\/cd-cargo-banner-1024x292.webp 1024w, https:\/\/www.cdcargologistics.cz\/app\/uploads\/2024\/04\/cd-cargo-banner-768x219.webp 768w, https:\/\/www.cdcargologistics.cz\/app\/uploads\/2024\/04\/cd-cargo-banner-1536x437.webp 1536w, https:\/\/www.cdcargologistics.cz\/app\/uploads\/2024\/04\/cd-cargo-banner-2048x583.webp 2048w\" sizes=\"auto, (max-width: 2560px) 100vw, 2560px\" \/><\/figure>\n\n\n\n<div class=\"wp-block-group main-cover__wrapper is-layout-constrained wp-block-group-is-layout-constrained\">\n<h1 class=\"wp-block-heading main-cover__title has-conversion-color has-text-color has-link-color wp-elements-3827aa21225e2e01dd9aadd6a6408afb\">\u010cD CARGO GROUP<\/h1>\n<\/div>\n<\/section>\n\n<section class=\"wp-block-group our-services is-layout-constrained wp-block-group-is-layout-constrained\">\n<div class=\"wp-block-columns alignwide section-box-shadow has-white-background-color has-background is-layout-flex wp-container-core-columns-is-layout-9d6595d7 wp-block-columns-is-layout-flex\">\n<div class=\"wp-block-column is-layout-flow wp-block-column-is-layout-flow\">\n<div class=\"wp-block-group title__line-wrapper is-layout-constrained wp-block-group-is-layout-constrained\">\n<h2 class=\"wp-block-heading title__line\">DIVISIONS AND SERVICES OF \u010cD CARGO GROUP<\/h2>\n<\/div>\n\n\n\n<div class=\"wp-block-group our-services__row is-horizontal is-layout-flex wp-block-group-is-layout-flex\">\n<div class=\"wp-block-media-text is-stacked-on-mobile our-services__box\"><figure class=\"wp-block-media-text__media\"><a href=\"https:\/\/www.cdcargo.cz\/\" target=\"_blank\" rel=\"noreferrer noopener\"><img loading=\"lazy\" decoding=\"async\" width=\"720\" height=\"360\" src=\"https:\/\/www.cdcargologistics.cz\/app\/uploads\/2024\/03\/produktove-vlaky-bg.jpeg\" alt=\"\" class=\"wp-image-1025 size-full\" srcset=\"https:\/\/www.cdcargologistics.cz\/app\/uploads\/2024\/03\/produktove-vlaky-bg.jpeg 720w, https:\/\/www.cdcargologistics.cz\/app\/uploads\/2024\/03\/produktove-vlaky-bg-300x150.jpeg 300w\" sizes=\"auto, (max-width: 720px) 100vw, 720px\" \/><\/a><\/figure><div class=\"wp-block-media-text__content\">\n<h3 class=\"wp-block-heading has-text-align-center\">\u010cD CARGO<\/h3>\n<\/div><\/div>\n\n\n\n<div class=\"wp-block-media-text is-stacked-on-mobile our-services__box\"><figure class=\"wp-block-media-text__media\"><a href=\"https:\/\/cdduss.com\/\" target=\"_blank\" rel=\"noreferrer noopener\"><img loading=\"lazy\" decoding=\"async\" width=\"720\" height=\"360\" src=\"https:\/\/www.cdcargologistics.cz\/app\/uploads\/2024\/03\/duss-terminal-bg.jpeg\" alt=\"\" class=\"wp-image-1017 size-full\" srcset=\"https:\/\/www.cdcargologistics.cz\/app\/uploads\/2024\/03\/duss-terminal-bg.jpeg 720w, https:\/\/www.cdcargologistics.cz\/app\/uploads\/2024\/03\/duss-terminal-bg-300x150.jpeg 300w\" sizes=\"auto, (max-width: 720px) 100vw, 720px\" \/><\/a><\/figure><div class=\"wp-block-media-text__content\">\n<h3 class=\"wp-block-heading has-text-align-center\">\u010cD DUSS<\/h3>\n<\/div><\/div>\n\n\n\n<div class=\"wp-block-media-text is-stacked-on-mobile our-services__box\"><figure class=\"wp-block-media-text__media\"><a href=\"https:\/\/terminalbrno.cz\/\" target=\"_blank\" rel=\"noreferrer noopener\"><img loading=\"lazy\" decoding=\"async\" width=\"720\" height=\"359\" src=\"https:\/\/www.cdcargologistics.cz\/app\/uploads\/2024\/03\/terminal-brno-bg.jpeg\" alt=\"\" class=\"wp-image-1015 size-full\" srcset=\"https:\/\/www.cdcargologistics.cz\/app\/uploads\/2024\/03\/terminal-brno-bg.jpeg 720w, https:\/\/www.cdcargologistics.cz\/app\/uploads\/2024\/03\/terminal-brno-bg-300x150.jpeg 300w\" sizes=\"auto, (max-width: 720px) 100vw, 720px\" \/><\/a><\/figure><div class=\"wp-block-media-text__content\">\n<h3 class=\"wp-block-heading has-text-align-center\">BRNO TERMINAL<\/h3>\n<\/div><\/div>\n\n\n\n<div class=\"wp-block-media-text is-stacked-on-mobile our-services__box\"><figure class=\"wp-block-media-text__media\"><a href=\"https:\/\/www.bohemiakombi.cz\/\" target=\"_blank\" rel=\"noreferrer noopener\"><img loading=\"lazy\" decoding=\"async\" width=\"720\" height=\"360\" src=\"https:\/\/www.cdcargologistics.cz\/app\/uploads\/2024\/04\/bohemia-kombi.jpg\" alt=\"\" class=\"wp-image-1234 size-full\" srcset=\"https:\/\/www.cdcargologistics.cz\/app\/uploads\/2024\/04\/bohemia-kombi.jpg 720w, https:\/\/www.cdcargologistics.cz\/app\/uploads\/2024\/04\/bohemia-kombi-300x150.jpg 300w\" sizes=\"auto, (max-width: 720px) 100vw, 720px\" \/><\/a><\/figure><div class=\"wp-block-media-text__content\">\n<h3 class=\"wp-block-heading has-text-align-center\">BOHEMIA KOMBI<\/h3>\n<\/div><\/div>\n\n\n\n<div class=\"wp-block-media-text is-stacked-on-mobile our-services__box\"><figure class=\"wp-block-media-text__media\"><a href=\"https:\/\/www.cdcargo.cz\/zahranicni-zastoupeni\" target=\"_blank\" rel=\"noreferrer noopener\"><img loading=\"lazy\" decoding=\"async\" width=\"720\" height=\"360\" src=\"https:\/\/www.cdcargologistics.cz\/app\/uploads\/2024\/03\/komplexni-sluzby-bg.jpeg\" alt=\"\" class=\"wp-image-994 size-full\" srcset=\"https:\/\/www.cdcargologistics.cz\/app\/uploads\/2024\/03\/komplexni-sluzby-bg.jpeg 720w, https:\/\/www.cdcargologistics.cz\/app\/uploads\/2024\/03\/komplexni-sluzby-bg-300x150.jpeg 300w\" sizes=\"auto, (max-width: 720px) 100vw, 720px\" \/><\/a><\/figure><div class=\"wp-block-media-text__content\">\n<h3 class=\"wp-block-heading has-text-align-center\">FOREIGN SUBSIDIARIES<\/h3>\n<\/div><\/div>\n<\/div>\n<\/div>\n<\/div>\n<\/section>\n","protected":false},"excerpt":{"rendered":"<p>\u010cD CARGO GROUP DIVISIONS AND SERVICES OF \u010cD CARGO GROUP \u010cD CARGO \u010cD DUSS BRNO TERMINAL BOHEMIA KOMBI FOREIGN SUBSIDIARIES<\/p>\n","protected":false},"author":1,"featured_media":0,"parent":0,"menu_order":0,"comment_status":"closed","ping_status":"closed","template":"","meta":{"footnotes":""},"class_list":["post-1800","page","type-page","status-publish","hentry"],"_links":{"self":[{"href":"https:\/\/www.cdcargologistics.cz\/en\/wp-json\/wp\/v2\/pages\/1800","targetHints":{"allow":["GET"]}}],"collection":[{"href":"https:\/\/www.cdcargologistics.cz\/en\/wp-json\/wp\/v2\/pages"}],"about":[{"href":"https:\/\/www.cdcargologistics.cz\/en\/wp-json\/wp\/v2\/types\/page"}],"author":[{"embeddable":true,"href":"https:\/\/www.cdcargologistics.cz\/en\/wp-json\/wp\/v2\/users\/1"}],"replies":[{"embeddable":true,"href":"https:\/\/www.cdcargologistics.cz\/en\/wp-json\/wp\/v2\/comments?post=1800"}],"version-history":[{"count":4,"href":"https:\/\/www.cdcargologistics.cz\/en\/wp-json\/wp\/v2\/pages\/1800\/revisions"}],"predecessor-version":[{"id":2111,"href":"https:\/\/www.cdcargologistics.cz\/en\/wp-json\/wp\/v2\/pages\/1800\/revisions\/2111"}],"wp:attachment":[{"href":"https:\/\/www.cdcargologistics.cz\/en\/wp-json\/wp\/v2\/media?parent=1800"}],"curies":[{"name":"wp","href":"https:\/\/api.w.org\/{rel}","templated":true}]}}