{"id":1792,"date":"2023-12-20T12:40:43","date_gmt":"2023-12-20T11:40:43","guid":{"rendered":"https:\/\/www.cdcargologistics.cz\/about-us\/"},"modified":"2024-05-17T12:53:03","modified_gmt":"2024-05-17T10:53:03","slug":"about-us","status":"publish","type":"page","link":"https:\/\/www.cdcargologistics.cz\/en\/about-us\/","title":{"rendered":"About us"},"content":{"rendered":"\n<section class=\"wp-block-group main-cover is-layout-constrained wp-block-group-is-layout-constrained\">\n<figure class=\"wp-block-image size-full main-cover__image\"><img loading=\"lazy\" decoding=\"async\" width=\"2560\" height=\"729\" src=\"https:\/\/www.cdcargologistics.cz\/app\/uploads\/2024\/04\/cd-cargo-banner.webp\" alt=\"\" class=\"wp-image-1312\" srcset=\"https:\/\/www.cdcargologistics.cz\/app\/uploads\/2024\/04\/cd-cargo-banner.webp 2560w, https:\/\/www.cdcargologistics.cz\/app\/uploads\/2024\/04\/cd-cargo-banner-300x85.webp 300w, https:\/\/www.cdcargologistics.cz\/app\/uploads\/2024\/04\/cd-cargo-banner-1024x292.webp 1024w, https:\/\/www.cdcargologistics.cz\/app\/uploads\/2024\/04\/cd-cargo-banner-768x219.webp 768w, https:\/\/www.cdcargologistics.cz\/app\/uploads\/2024\/04\/cd-cargo-banner-1536x437.webp 1536w, https:\/\/www.cdcargologistics.cz\/app\/uploads\/2024\/04\/cd-cargo-banner-2048x583.webp 2048w\" sizes=\"auto, (max-width: 2560px) 100vw, 2560px\" \/><\/figure>\n\n\n\n<div class=\"wp-block-group main-cover__wrapper is-layout-constrained wp-block-group-is-layout-constrained\">\n<h1 class=\"wp-block-heading main-cover__title has-conversion-color has-text-color has-link-color wp-elements-251b843bedb46df4f2a0419aff68b919\">About us<\/h1>\n<\/div>\n<\/section>\n\n\n\n<section class=\"wp-block-group our-services mb-0 is-layout-constrained wp-block-group-is-layout-constrained\">\n<div class=\"wp-block-columns alignwide section-box-shadow mb-0 has-white-background-color has-background is-layout-flex wp-container-core-columns-is-layout-9d6595d7 wp-block-columns-is-layout-flex\">\n<div class=\"wp-block-column is-layout-flow wp-block-column-is-layout-flow\">\n<div class=\"wp-block-group title__line-wrapper is-layout-constrained wp-block-group-is-layout-constrained\">\n<h2 class=\"wp-block-heading title__line\">\u010cD Cargo Logistics<\/h2>\n<\/div>\n\n\n\n<div class=\"wp-block-columns has-white-background-color has-background is-layout-flex wp-container-core-columns-is-layout-9d6595d7 wp-block-columns-is-layout-flex\">\n<div class=\"wp-block-column is-layout-flow wp-block-column-is-layout-flow\">\n<h3 class=\"wp-block-heading title--border-radius has-white-color has-conversion-background-color has-text-color has-background has-link-color wp-elements-72c2cec8c104b5f40b294609ee1307d7\">THE CUSTOMER COMES FIRST<\/h3>\n\n\n\n<p class=\"mb-0 mt-0 has-white-color has-primary-background-color has-text-color has-background has-link-color wp-elements-e5fbc8c30404ba4cad65cfa3665ac1f2\" style=\"font-style:normal;font-weight:400\">\u010cD Cargo Logistics is a&nbsp;provider of comprehensive logistics services with rail transport at its heart. Rail freight transport is the fundamental cornerstone of our professional transportation service. <br><br>We specialize in providing a&nbsp;complete logistics chain, from Central Europe to Asia. Our portfolio also includes road, maritime, and air transport. Our customers can rely on us for warehousing, customs declarations, and shipment insurance.  <br><br>We are also adept at handling non-standard loads and special transports, in which we truly excel. The customer always comes first with us, which is why we adjust all parameters of the logistics chain to meet your requirements. <\/p>\n<\/div>\n<\/div>\n\n\n\n<div class=\"wp-block-columns gap-10 mb-10 is-layout-flex wp-container-core-columns-is-layout-9d6595d7 wp-block-columns-is-layout-flex\">\n<div class=\"wp-block-column px-20 py-25 has-light-blue-background-color has-background is-layout-flow wp-block-column-is-layout-flow\">\n<figure class=\"wp-block-image size-large is-resized\"><img loading=\"lazy\" decoding=\"async\" width=\"91\" height=\"91\" src=\"https:\/\/www.cdcargologistics.cz\/app\/uploads\/2024\/04\/icon-zeleznicni-preprava-1.svg\" alt=\"\" class=\"wp-image-1755\" style=\"object-fit:cover;width:120px;height:120px\"\/><\/figure>\n\n\n\n<h3 class=\"wp-block-heading\">RAIL TRANSPORT<\/h3>\n\n\n\n<p style=\"font-style:normal;font-weight:400\">We provide complete forwarding services for domestic and international transport of goods on European and non-European railway tracks. Our portfolio also includes special product trains. <\/p>\n<\/div>\n\n\n\n<div class=\"wp-block-column px-20 py-25 has-light-blue-background-color has-background is-layout-flow wp-block-column-is-layout-flow\">\n<figure class=\"wp-block-image size-large is-resized\"><img loading=\"lazy\" decoding=\"async\" width=\"84\" height=\"83\" src=\"https:\/\/www.cdcargologistics.cz\/app\/uploads\/2024\/04\/icon-silnicni.svg\" alt=\"\" class=\"wp-image-1415\" style=\"object-fit:cover;width:120px;height:120px\"\/><\/figure>\n\n\n\n<h3 class=\"wp-block-heading\">ROAD TRANSPORT<\/h3>\n\n\n\n<p style=\"font-style:normal;font-weight:400\">We primarily use road transport as an auxiliary service when the loading\/unloading site is not directly connected to the railway. Within the Czech Republic, we can ensure a&nbsp;delivery system within 24 hours to your chosen destination. <\/p>\n<\/div>\n<\/div>\n\n\n\n<div class=\"wp-block-columns gap-10 mb-10 is-layout-flex wp-container-core-columns-is-layout-9d6595d7 wp-block-columns-is-layout-flex\">\n<div class=\"wp-block-column px-20 py-25 has-light-blue-background-color has-background is-layout-flow wp-block-column-is-layout-flow\">\n<figure class=\"wp-block-image size-large is-resized\"><img loading=\"lazy\" decoding=\"async\" width=\"83\" height=\"83\" src=\"https:\/\/www.cdcargologistics.cz\/app\/uploads\/2024\/04\/icon-namorni.svg\" alt=\"\" class=\"wp-image-1418\" style=\"object-fit:cover;width:120px;height:120px\"\/><\/figure>\n\n\n\n<h3 class=\"wp-block-heading\">MARITIME TRANSPORT<\/h3>\n\n\n\n<p style=\"font-style:normal;font-weight:400\">We are at home on the sea. We carry out FCL transport of full container shipments and LCL transport of consolidated shipments from the Czech Republic to all global ports with container service. We also provide first and last mile services either by truck or rail.  <\/p>\n<\/div>\n\n\n\n<div class=\"wp-block-column px-20 py-25 has-light-blue-background-color has-background is-layout-flow wp-block-column-is-layout-flow\">\n<figure class=\"wp-block-image size-large is-resized\"><img loading=\"lazy\" decoding=\"async\" width=\"83\" height=\"84\" src=\"https:\/\/www.cdcargologistics.cz\/app\/uploads\/2024\/04\/icon-letecka-1.svg\" alt=\"\" class=\"wp-image-1420\" style=\"object-fit:cover;width:120px;height:120px\"\/><\/figure>\n\n\n\n<h3 class=\"wp-block-heading\">AIR TRANSPORT<\/h3>\n\n\n\n<p style=\"font-style:normal;font-weight:400\">Our offerings also include regular air transport services between the Czech Republic and China. This complements our strategy to offer our customers a&nbsp;full range of transport types between Asia and Europe.  <\/p>\n<\/div>\n<\/div>\n<\/div>\n<\/div>\n<\/section>\n\n\n\n<section class=\"wp-block-group is-layout-constrained wp-block-group-is-layout-constrained\">\n<div class=\"wp-block-group title__line-wrapper blue-line is-layout-constrained wp-block-group-is-layout-constrained\">\n<h2 class=\"wp-block-heading title__line\">INTERACTIVE MAP<\/h2>\n<\/div>\n\n\n\n<div class=\"wp-block-buttons is-content-justification-right is-layout-flex wp-container-core-buttons-is-layout-765c4724 wp-block-buttons-is-layout-flex\">\n<div class=\"wp-block-button button--red\"><a class=\"wp-block-button__link has-red-background-color has-background wp-element-button\" href=\"https:\/\/www.cdcargologistics.cz\/en\/contact\/#formular\">Inquire About Transport<\/a><\/div>\n<\/div>\n\n\n\n<div class=\"wp-block-columns is-layout-flex wp-container-core-columns-is-layout-9d6595d7 wp-block-columns-is-layout-flex\">\n<div class=\"wp-block-column is-layout-flow wp-block-column-is-layout-flow\">\n<div style=\"height:var(--wp--preset--spacing--4)\" aria-hidden=\"true\" class=\"wp-block-spacer\"><\/div>\n\n\n<\/div>\n<\/div>\n<\/section>\n\n\n\n<section class=\"wp-block-group our-services mb-0 is-layout-constrained wp-block-group-is-layout-constrained\">\n<div class=\"wp-block-columns alignwide section-box-shadow mb-0 has-white-background-color has-background is-layout-flex wp-container-core-columns-is-layout-9d6595d7 wp-block-columns-is-layout-flex\">\n<div class=\"wp-block-column is-layout-flow wp-block-column-is-layout-flow\">\n<div class=\"wp-block-group title__line-wrapper is-layout-constrained wp-block-group-is-layout-constrained\">\n<h2 class=\"wp-block-heading title__line\">LEGALLY REQUIRED INFORMATION FOR JOINT-STOCK COMPANIES<\/h2>\n<\/div>\n\n\n\n<div class=\"wp-block-columns has-white-background-color has-background is-layout-flex wp-container-core-columns-is-layout-9d6595d7 wp-block-columns-is-layout-flex\">\n<div class=\"wp-block-column is-layout-flow wp-block-column-is-layout-flow\">\n<p class=\"mb-0 mt-0 has-white-color has-primary-background-color has-text-color has-background has-link-color wp-elements-ddb5c8b0b9df48a7ffc42095b8480254\" style=\"font-style:normal;font-weight:400\">Business name: \u010cD Cargo Logistics, a.s.<br>Registered office: Prague 1, Nov\u00e9 M\u011bsto, Opletalova 1284\/37, Postal Code 110&nbsp;00<\/p>\n\n\n\n<p class=\"mb-0 mt-0 has-white-color has-primary-background-color has-text-color has-background has-link-color wp-elements-66dab48e2595de3e418d82efd1c9ce04\" style=\"font-style:normal;font-weight:400\">Representatives:<br>Ing. Vlasta Slav\u00edkov\u00e1, Chairperson of the Board<br>Ing. V\u00edt Mikol\u00e1\u0161ik, Member of the Board<br>Ing. Lucie Vydr\u00e1\u0159ov\u00e1, Member of the Board<\/p>\n\n\n\n<p class=\"mb-0 mt-0 has-white-color has-primary-background-color has-text-color has-background has-link-color wp-elements-86f3cbff93e25ecc394ad8673704a057\" style=\"font-style:normal;font-weight:400\">Company ID: 27906931 <br>Tax ID: CZ27906931<\/p>\n\n\n\n<p class=\"mb-0 mt-0 has-white-color has-primary-background-color has-text-color has-background has-link-color wp-elements-2835974c05f9e3fd611e4ef85cf17158\" style=\"font-style:normal;font-weight:400\">\u010cD Cargo Logistics, a.s. is registered in the Commercial Register maintained by the Municipal Court in Prague, section B, file 11940<\/p>\n<\/div>\n<\/div>\n<\/div>\n<\/div>\n<\/section>\n","protected":false},"excerpt":{"rendered":"<p>About us \u010cD Cargo Logistics THE CUSTOMER COMES FIRST \u010cD Cargo Logistics is a&nbsp;provider of comprehensive logistics services with rail transport at its heart. Rail freight transport is the fundamental cornerstone of our professional transportation service. We specialize in providing a&nbsp;complete logistics chain, from Central Europe to Asia. Our portfolio also includes road, maritime, and &hellip; <a href=\"https:\/\/www.cdcargologistics.cz\/en\/about-us\/\">Continued<\/a><\/p>\n","protected":false},"author":1,"featured_media":0,"parent":0,"menu_order":0,"comment_status":"closed","ping_status":"closed","template":"","meta":{"footnotes":""},"class_list":["post-1792","page","type-page","status-publish","hentry"],"_links":{"self":[{"href":"https:\/\/www.cdcargologistics.cz\/en\/wp-json\/wp\/v2\/pages\/1792","targetHints":{"allow":["GET"]}}],"collection":[{"href":"https:\/\/www.cdcargologistics.cz\/en\/wp-json\/wp\/v2\/pages"}],"about":[{"href":"https:\/\/www.cdcargologistics.cz\/en\/wp-json\/wp\/v2\/types\/page"}],"author":[{"embeddable":true,"href":"https:\/\/www.cdcargologistics.cz\/en\/wp-json\/wp\/v2\/users\/1"}],"replies":[{"embeddable":true,"href":"https:\/\/www.cdcargologistics.cz\/en\/wp-json\/wp\/v2\/comments?post=1792"}],"version-history":[{"count":6,"href":"https:\/\/www.cdcargologistics.cz\/en\/wp-json\/wp\/v2\/pages\/1792\/revisions"}],"predecessor-version":[{"id":2063,"href":"https:\/\/www.cdcargologistics.cz\/en\/wp-json\/wp\/v2\/pages\/1792\/revisions\/2063"}],"wp:attachment":[{"href":"https:\/\/www.cdcargologistics.cz\/en\/wp-json\/wp\/v2\/media?parent=1792"}],"curies":[{"name":"wp","href":"https:\/\/api.w.org\/{rel}","templated":true}]}}